{"id":1468,"date":"2018-11-22T10:50:50","date_gmt":"2018-11-22T14:50:50","guid":{"rendered":"https:\/\/www.cheztim.com\/where-to-find-us\/"},"modified":"2024-12-18T02:21:06","modified_gmt":"2024-12-18T06:21:06","slug":"ou-nous-trouver","status":"publish","type":"page","link":"https:\/\/www.cheztim.com\/fr\/ou-nous-trouver\/","title":{"rendered":"O\u00f9 nous trouver ?"},"content":{"rendered":"<h2 class=\"map_customization_title\">Chez Tim \u201cAchumani\u201d<\/h2>\n<p>avenida Alexander esquina calle 13<br \/>\n(du supermarch\u00e9 KETAL c&#8217;est une rue plus en bas, de l&#8217;autre c\u00f4t\u00e9 de l&#8217;avenue c&#8217;est \u00e0 dire en descendant l&#8217;avenue, \u00e0 l&#8217;angle que fait l&#8217;avenue avec la rue n\u00b013)<br \/>\nAchumani, La Paz, Bolivie<br \/>\nTelf: 2-2799876 \u2013 65594321<\/p>\n<style type=\"text\/css\" id=\"umsMapStyles_1_56069\">\n    #ultimate_maps_1_56069 {\n        width: 80%;\n        height: 700px;\n                border: 0px solid ;\n        margin: 0px;\n    }\n    #mapsControlsNum_1_56069 {\n        width:100%    }\n    .umsMapDetailsContainer#umsMapDetailsContainer_1_56069 {\n        height:700px;\n    }\n    .ums_MapPreview#ultimate_maps_1_56069 {\n        \/*position:absolute;*\/\n        width:100%;\n    }\n    #mapConElem_1_56069{\n        width:80%    }\n    <\/style><div class=\"ums_map_opts\" id=\"mapConElem_1_56069\" data-id=\"1\" data-view-id=\"1_56069\" > <div class=\"umsMapDetailsContainer\" id=\"umsMapDetailsContainer_1_56069\"> <i class=\"umsKMLLayersPreloader fa fa-spinner fa-spin\" aria-hidden=\"true\" style=\"display: none;\"><\/i> <div class=\"ums_MapPreview \" id=\"ultimate_maps_1_56069\"><\/div> <\/div> <div class=\"umsMapMarkerFilters\" id=\"umsMapMarkerFilters_1_56069\"> <\/div> <div class=\"umsMapProControlsCon\" id=\"umsMapProControlsCon_1_56069\"> <a title=\"WordPress Google Maps\" style=\"display:none;\" href=\"https:\/\/supsystic.com\/plugins\/google-maps-plugin\/?utm_medium=love_link_hide\" target=\"_blank\">WordPress Google Maps<\/a><div style=\"clear: both;\"><\/div> <\/div> <div class=\"umsMapProDirectionsCon\" id=\"umsMapProDirectionsCon_1_56069\" > <\/div> <div class=\"umsMapProKmlFilterCon\" id=\"umsMapProKmlFilterCon_1_56069\" > <\/div> <div class=\"umsSocialSharingShell umsSocialSharingShell_1_56069\"> <\/div> <div style=\"clear: both;\"><\/div> <\/div>\n","protected":false},"excerpt":{"rendered":"<p>Chez Tim \u201cAchumani\u201d avenida Alexander esquina calle 13 (du supermarch\u00e9 KETAL c&#8217;est une rue plus en bas, de l&#8217;autre c\u00f4t\u00e9 de l&#8217;avenue c&#8217;est \u00e0 dire en descendant l&#8217;avenue, \u00e0 l&#8217;angle que fait l&#8217;avenue avec la rue n\u00b013) Achumani, La Paz, Bolivie Telf: 2-2799876 \u2013 65594321<\/p>\n","protected":false},"author":1,"featured_media":0,"parent":0,"menu_order":0,"comment_status":"closed","ping_status":"closed","template":"","meta":{"_cloudinary_featured_overwrite":false,"footnotes":""},"class_list":["post-1468","page","type-page","status-publish","hentry"],"yoast_head":"<!-- This site is optimized with the Yoast SEO Premium plugin v23.7 (Yoast SEO v24.5) - https:\/\/yoast.com\/wordpress\/plugins\/seo\/ -->\n<title>O\u00f9 nous trouver ? - Boulangerie Chez Tim<\/title>\n<meta name=\"robots\" content=\"index, follow, max-snippet:-1, max-image-preview:large, max-video-preview:-1\" \/>\n<link rel=\"canonical\" href=\"https:\/\/www.cheztim.com\/fr\/ou-nous-trouver\/\" \/>\n<meta property=\"og:locale\" content=\"fr_FR\" \/>\n<meta property=\"og:type\" content=\"article\" \/>\n<meta property=\"og:title\" content=\"O\u00f9 nous trouver ?\" \/>\n<meta property=\"og:description\" content=\"Chez Tim \u201cAchumani\u201d avenida Alexander esquina calle 13 (du supermarch\u00e9 KETAL c&#8217;est une rue plus en bas, de l&#8217;autre c\u00f4t\u00e9 de l&#8217;avenue c&#8217;est \u00e0 dire en descendant l&#8217;avenue, \u00e0 l&#8217;angle que fait l&#8217;avenue avec la rue n\u00b013) Achumani, La Paz, Bolivie Telf: 2-2799876 \u2013 65594321\" \/>\n<meta property=\"og:url\" content=\"https:\/\/www.cheztim.com\/fr\/ou-nous-trouver\/\" \/>\n<meta property=\"og:site_name\" content=\"Boulangerie Chez Tim\" \/>\n<meta property=\"article:publisher\" content=\"https:\/\/www.facebook.com\/ChezTimLaPaz\/\" \/>\n<meta property=\"article:modified_time\" content=\"2024-12-18T06:21:06+00:00\" \/>\n<meta name=\"twitter:card\" content=\"summary_large_image\" \/>\n<meta name=\"twitter:site\" content=\"@cheztimlapaz\" \/>\n<script type=\"application\/ld+json\" class=\"yoast-schema-graph\">{\"@context\":\"https:\/\/schema.org\",\"@graph\":[{\"@type\":\"WebPage\",\"@id\":\"https:\/\/www.cheztim.com\/fr\/ou-nous-trouver\/\",\"url\":\"https:\/\/www.cheztim.com\/fr\/ou-nous-trouver\/\",\"name\":\"O\u00f9 nous trouver ? - Boulangerie Chez Tim\",\"isPartOf\":{\"@id\":\"https:\/\/www.cheztim.com\/fr\/#website\"},\"datePublished\":\"2018-11-22T14:50:50+00:00\",\"dateModified\":\"2024-12-18T06:21:06+00:00\",\"breadcrumb\":{\"@id\":\"https:\/\/www.cheztim.com\/fr\/ou-nous-trouver\/#breadcrumb\"},\"inLanguage\":\"fr-FR\",\"potentialAction\":[{\"@type\":\"ReadAction\",\"target\":[\"https:\/\/www.cheztim.com\/fr\/ou-nous-trouver\/\"]}]},{\"@type\":\"BreadcrumbList\",\"@id\":\"https:\/\/www.cheztim.com\/fr\/ou-nous-trouver\/#breadcrumb\",\"itemListElement\":[{\"@type\":\"ListItem\",\"position\":1,\"name\":\"Home\",\"item\":\"https:\/\/www.cheztim.com\/fr\/\"},{\"@type\":\"ListItem\",\"position\":2,\"name\":\"O\u00f9 nous trouver ?\"}]},{\"@type\":\"WebSite\",\"@id\":\"https:\/\/www.cheztim.com\/fr\/#website\",\"url\":\"https:\/\/www.cheztim.com\/fr\/\",\"name\":\"Panader\u00eda Chez Tim\",\"description\":\"La Paz - Bolivie\",\"publisher\":{\"@id\":\"https:\/\/www.cheztim.com\/fr\/#organization\"},\"potentialAction\":[{\"@type\":\"SearchAction\",\"target\":{\"@type\":\"EntryPoint\",\"urlTemplate\":\"https:\/\/www.cheztim.com\/fr\/?s={search_term_string}\"},\"query-input\":{\"@type\":\"PropertyValueSpecification\",\"valueRequired\":true,\"valueName\":\"search_term_string\"}}],\"inLanguage\":\"fr-FR\"},{\"@type\":[\"Organization\",\"Place\",\"Bakery\"],\"@id\":\"https:\/\/www.cheztim.com\/fr\/#organization\",\"name\":\"Chez Tim\",\"url\":\"https:\/\/www.cheztim.com\/fr\/\",\"logo\":{\"@id\":\"https:\/\/www.cheztim.com\/fr\/ou-nous-trouver\/#local-main-organization-logo\"},\"image\":{\"@id\":\"https:\/\/www.cheztim.com\/fr\/ou-nous-trouver\/#local-main-organization-logo\"},\"sameAs\":[\"https:\/\/www.facebook.com\/ChezTimLaPaz\/\",\"https:\/\/x.com\/cheztimlapaz\",\"https:\/\/www.instagram.com\/cheztim\/\"],\"geo\":{\"@type\":\"GeoCoordinates\",\"latitude\":\"-16.5352171\",\"longitude\":\"-68.0775718\"},\"telephone\":[\"2-2799876\",\"65594321\"],\"openingHoursSpecification\":[{\"@type\":\"OpeningHoursSpecification\",\"dayOfWeek\":[\"Monday\",\"Tuesday\",\"Wednesday\",\"Thursday\",\"Friday\",\"Saturday\"],\"opens\":\"07:00\",\"closes\":\"20:30\"},{\"@type\":\"OpeningHoursSpecification\",\"dayOfWeek\":[\"Sunday\"],\"opens\":\"00:00\",\"closes\":\"00:00\"}]},{\"@type\":\"ImageObject\",\"inLanguage\":\"fr-FR\",\"@id\":\"https:\/\/www.cheztim.com\/fr\/ou-nous-trouver\/#local-main-organization-logo\",\"url\":\"https:\/\/www.cheztim.com\/wp-content\/uploads\/2018\/11\/logo_ct_wpa-01.jpg\",\"contentUrl\":\"https:\/\/www.cheztim.com\/wp-content\/uploads\/2018\/11\/logo_ct_wpa-01.jpg\",\"width\":192,\"height\":192,\"caption\":\"Chez Tim\"}]}<\/script>\n<meta name=\"geo.placename\" content=\"La Paz\" \/>\n<meta name=\"geo.position\" content=\"-16.5352171;-68.0775718\" \/>\n<meta name=\"geo.region\" content=\"Bolivie\" \/>\n<!-- \/ Yoast SEO Premium plugin. -->","yoast_head_json":{"title":"O\u00f9 nous trouver ? - Boulangerie Chez Tim","robots":{"index":"index","follow":"follow","max-snippet":"max-snippet:-1","max-image-preview":"max-image-preview:large","max-video-preview":"max-video-preview:-1"},"canonical":"https:\/\/www.cheztim.com\/fr\/ou-nous-trouver\/","og_locale":"fr_FR","og_type":"article","og_title":"O\u00f9 nous trouver ?","og_description":"Chez Tim \u201cAchumani\u201d avenida Alexander esquina calle 13 (du supermarch\u00e9 KETAL c&#8217;est une rue plus en bas, de l&#8217;autre c\u00f4t\u00e9 de l&#8217;avenue c&#8217;est \u00e0 dire en descendant l&#8217;avenue, \u00e0 l&#8217;angle que fait l&#8217;avenue avec la rue n\u00b013) Achumani, La Paz, Bolivie Telf: 2-2799876 \u2013 65594321","og_url":"https:\/\/www.cheztim.com\/fr\/ou-nous-trouver\/","og_site_name":"Boulangerie Chez Tim","article_publisher":"https:\/\/www.facebook.com\/ChezTimLaPaz\/","article_modified_time":"2024-12-18T06:21:06+00:00","twitter_card":"summary_large_image","twitter_site":"@cheztimlapaz","schema":{"@context":"https:\/\/schema.org","@graph":[{"@type":"WebPage","@id":"https:\/\/www.cheztim.com\/fr\/ou-nous-trouver\/","url":"https:\/\/www.cheztim.com\/fr\/ou-nous-trouver\/","name":"O\u00f9 nous trouver ? - Boulangerie Chez Tim","isPartOf":{"@id":"https:\/\/www.cheztim.com\/fr\/#website"},"datePublished":"2018-11-22T14:50:50+00:00","dateModified":"2024-12-18T06:21:06+00:00","breadcrumb":{"@id":"https:\/\/www.cheztim.com\/fr\/ou-nous-trouver\/#breadcrumb"},"inLanguage":"fr-FR","potentialAction":[{"@type":"ReadAction","target":["https:\/\/www.cheztim.com\/fr\/ou-nous-trouver\/"]}]},{"@type":"BreadcrumbList","@id":"https:\/\/www.cheztim.com\/fr\/ou-nous-trouver\/#breadcrumb","itemListElement":[{"@type":"ListItem","position":1,"name":"Home","item":"https:\/\/www.cheztim.com\/fr\/"},{"@type":"ListItem","position":2,"name":"O\u00f9 nous trouver ?"}]},{"@type":"WebSite","@id":"https:\/\/www.cheztim.com\/fr\/#website","url":"https:\/\/www.cheztim.com\/fr\/","name":"Panader\u00eda Chez Tim","description":"La Paz - Bolivie","publisher":{"@id":"https:\/\/www.cheztim.com\/fr\/#organization"},"potentialAction":[{"@type":"SearchAction","target":{"@type":"EntryPoint","urlTemplate":"https:\/\/www.cheztim.com\/fr\/?s={search_term_string}"},"query-input":{"@type":"PropertyValueSpecification","valueRequired":true,"valueName":"search_term_string"}}],"inLanguage":"fr-FR"},{"@type":["Organization","Place","Bakery"],"@id":"https:\/\/www.cheztim.com\/fr\/#organization","name":"Chez Tim","url":"https:\/\/www.cheztim.com\/fr\/","logo":{"@id":"https:\/\/www.cheztim.com\/fr\/ou-nous-trouver\/#local-main-organization-logo"},"image":{"@id":"https:\/\/www.cheztim.com\/fr\/ou-nous-trouver\/#local-main-organization-logo"},"sameAs":["https:\/\/www.facebook.com\/ChezTimLaPaz\/","https:\/\/x.com\/cheztimlapaz","https:\/\/www.instagram.com\/cheztim\/"],"geo":{"@type":"GeoCoordinates","latitude":"-16.5352171","longitude":"-68.0775718"},"telephone":["2-2799876","65594321","2-2799876","65594321"],"openingHoursSpecification":[{"@type":"OpeningHoursSpecification","dayOfWeek":["Monday","Tuesday","Wednesday","Thursday","Friday","Saturday"],"opens":"07:00","closes":"20:30"},{"@type":"OpeningHoursSpecification","dayOfWeek":["Sunday"],"opens":"00:00","closes":"00:00"}]},{"@type":"ImageObject","inLanguage":"fr-FR","@id":"https:\/\/www.cheztim.com\/fr\/ou-nous-trouver\/#local-main-organization-logo","url":"https:\/\/www.cheztim.com\/wp-content\/uploads\/2018\/11\/logo_ct_wpa-01.jpg","contentUrl":"https:\/\/www.cheztim.com\/wp-content\/uploads\/2018\/11\/logo_ct_wpa-01.jpg","width":192,"height":192,"caption":"Chez Tim"}]},"geo.placename":"La Paz","geo.position":{"lat":"-16.5352171","long":"-68.0775718"},"geo.region":"Bolivie"},"amp_enabled":true,"_links":{"self":[{"href":"https:\/\/www.cheztim.com\/fr\/wp-json\/wp\/v2\/pages\/1468","targetHints":{"allow":["GET"]}}],"collection":[{"href":"https:\/\/www.cheztim.com\/fr\/wp-json\/wp\/v2\/pages"}],"about":[{"href":"https:\/\/www.cheztim.com\/fr\/wp-json\/wp\/v2\/types\/page"}],"author":[{"embeddable":true,"href":"https:\/\/www.cheztim.com\/fr\/wp-json\/wp\/v2\/users\/1"}],"replies":[{"embeddable":true,"href":"https:\/\/www.cheztim.com\/fr\/wp-json\/wp\/v2\/comments?post=1468"}],"version-history":[{"count":1,"href":"https:\/\/www.cheztim.com\/fr\/wp-json\/wp\/v2\/pages\/1468\/revisions"}],"predecessor-version":[{"id":4921,"href":"https:\/\/www.cheztim.com\/fr\/wp-json\/wp\/v2\/pages\/1468\/revisions\/4921"}],"wp:attachment":[{"href":"https:\/\/www.cheztim.com\/fr\/wp-json\/wp\/v2\/media?parent=1468"}],"curies":[{"name":"wp","href":"https:\/\/api.w.org\/{rel}","templated":true}]}}